{"id":65,"date":"2022-01-07T17:07:07","date_gmt":"2022-01-07T17:07:07","guid":{"rendered":"http:\/\/isny-osteopathie.de\/?page_id=65"},"modified":"2022-01-07T17:12:50","modified_gmt":"2022-01-07T17:12:50","slug":"osteopathie","status":"publish","type":"page","link":"https:\/\/isny-osteopathie.de\/?page_id=65","title":{"rendered":"Osteopathie"},"content":{"rendered":"\n<p>Bei der Osteopathie handelt es sich um eine ganzheitliche, manuelle Untersuchungs- und Behandlungsmethode, welche auf den amerikansichen Arzt Andrew Taylor Still zur\u00fcckzuf\u00fchren ist.<\/p>\n\n\n\n<p>Nach ausf\u00fchrlicher Anamnese begibt sich der Therapeut auf die Suche nach Funktionsst\u00f6rungen im K\u00f6rper des Patienten, welche im parietalen, viszeralen oder kraniosakralen System liegen k\u00f6nnen.<br>Sowohl die Befundung als auch die Behandlung fundet nur mir den H\u00e4nden statt.<\/p>\n\n\n\n<p>Ziel ist es, diese verschienden Syteme im Zusammenspiel bestm\u00f6glich zu koordinieren und harmonisieren, um die Selbstheilungskr\u00e4fte des K\u00f6rpers zu aktivieren.<\/p>\n","protected":false},"excerpt":{"rendered":"<p>Bei der Osteopathie handelt es sich um eine ganzheitliche, manuelle Untersuchungs- und Behandlungsmethode, welche auf den amerikansichen Arzt Andrew Taylor Still zur\u00fcckzuf\u00fchren ist. Nach ausf\u00fchrlicher Anamnese begibt sich der Therapeut auf die Suche nach Funktionsst\u00f6rungen im K\u00f6rper des Patienten, welche im parietalen, viszeralen oder kraniosakralen System liegen k\u00f6nnen.Sowohl die Befundung als auch die Behandlung fundet [&hellip;]<\/p>\n","protected":false},"author":1,"featured_media":0,"parent":0,"menu_order":0,"comment_status":"closed","ping_status":"closed","template":"","meta":[],"_links":{"self":[{"href":"https:\/\/isny-osteopathie.de\/index.php?rest_route=\/wp\/v2\/pages\/65"}],"collection":[{"href":"https:\/\/isny-osteopathie.de\/index.php?rest_route=\/wp\/v2\/pages"}],"about":[{"href":"https:\/\/isny-osteopathie.de\/index.php?rest_route=\/wp\/v2\/types\/page"}],"author":[{"embeddable":true,"href":"https:\/\/isny-osteopathie.de\/index.php?rest_route=\/wp\/v2\/users\/1"}],"replies":[{"embeddable":true,"href":"https:\/\/isny-osteopathie.de\/index.php?rest_route=%2Fwp%2Fv2%2Fcomments&post=65"}],"version-history":[{"count":3,"href":"https:\/\/isny-osteopathie.de\/index.php?rest_route=\/wp\/v2\/pages\/65\/revisions"}],"predecessor-version":[{"id":73,"href":"https:\/\/isny-osteopathie.de\/index.php?rest_route=\/wp\/v2\/pages\/65\/revisions\/73"}],"wp:attachment":[{"href":"https:\/\/isny-osteopathie.de\/index.php?rest_route=%2Fwp%2Fv2%2Fmedia&parent=65"}],"curies":[{"name":"wp","href":"https:\/\/api.w.org\/{rel}","templated":true}]}}